{"id":1038,"date":"2024-02-10T13:43:18","date_gmt":"2024-02-10T13:43:18","guid":{"rendered":"https:\/\/startersites.io\/elementor\/smile-dent\/?page_id=1038"},"modified":"2025-12-13T07:28:57","modified_gmt":"2025-12-13T07:28:57","slug":"bize-ulas","status":"publish","type":"page","link":"https:\/\/loran.net.tr\/ar\/bize-ulas\/","title":{"rendered":"Bize ula\u015f\u0131n"},"content":{"rendered":"<div data-elementor-type=\"wp-page\" data-elementor-id=\"1038\" class=\"elementor elementor-1038\" data-elementor-post-type=\"page\">\n\t\t\t\t<div class=\"elementor-element elementor-element-5a1167e e-flex e-con-boxed e-con e-parent\" data-id=\"5a1167e\" data-element_type=\"container\" data-e-type=\"container\">\n\t\t\t\t\t<div class=\"e-con-inner\">\n\t\t\t\t<div class=\"elementor-element elementor-element-f4e0cb2 fluentform-widget-submit-button-custom elementor-widget elementor-widget-fluent-form-widget\" data-id=\"f4e0cb2\" data-element_type=\"widget\" data-e-type=\"widget\" data-widget_type=\"fluent-form-widget.default\">\n\t\t\t\t<div class=\"elementor-widget-container\">\n\t\t\t\t\t\n            <div class=\"fluentform-widget-wrapper fluentform-widget-align-default\">\n\n                            <div class=\"fluentform-widget-heading\">\n                                        <h3 class=\"fluentform-widget-title\">\n                        \u0642\u0645 \u0628\u0632\u064a\u0627\u0631\u062a\u0646\u0627                    <\/h3>\n                                                            <p class=\"fluentform-widget-description\">\n                        \u0642\u0645 \u0628\u0643\u062a\u0627\u0628\u0629 \u0627\u0644\u062e\u062f\u0645\u0629 \u0627\u0644\u0645\u0637\u0644\u0648\u0628\u0629 \u0627\u0648 \u062f\u0639\u0646\u0627 \u0646\u0639\u0627\u064a\u0646\u0643 \u0645\u062c\u0627\u0646\u0627 \u0645\u0646 \u062e\u0644\u0627\u0644 \u0643\u062a\u0627\u0628\u0629 \u0645\u0639\u0627\u064a\u0646\u0629  \u0641\u064a \u0642\u0633\u0645 : (\u0637\u0644\u0628\u0643) \u0648\u0633\u0646\u0642\u0648\u0645 \u0628\u0627\u062e\u0628\u0627\u0631\u0643 \u0628\u0627\u0644\u0645\u0648\u0627\u0639\u064a\u062f \u0627\u0644\u0645\u062a\u0627\u062d\u0629 \u0639\u0644\u0649 \u0627\u0644\u0647\u0627\u062a\u0641                    <\/p>\n                                    <\/div>\n            \n            <div class='fluentform ff-default fluentform_wrapper_2 ffs_default_wrap'><form data-form_id=\"2\" id=\"fluentform_2\" class=\"frm-fluent-form fluent_form_2 ff-el-form-top ff_form_instance_2_1 ff-form-loading ffs_default\" data-form_instance=\"ff_form_instance_2_1\" method=\"POST\" action=\"\" ><fieldset  style=\"border: none!important;margin: 0!important;padding: 0!important;background-color: transparent!important;box-shadow: none!important;outline: none!important; min-inline-size: 100%;\">\n                    <legend class=\"ff_screen_reader_title\" style=\"display: block; margin: 0!important;padding: 0!important;height: 0!important;text-indent: -999999px;width: 0!important;overflow:hidden;\">Contact Form Demo (#2)<\/legend><input type='hidden' name='__fluent_form_embded_post_id' value='1038' \/><input type=\"hidden\" id=\"_fluentform_2_fluentformnonce\" name=\"_fluentform_2_fluentformnonce\" value=\"77d96429d2\" \/><input type=\"hidden\" name=\"_wp_http_referer\" value=\"\/ar\/wp-json\/wp\/v2\/pages\/1038\" \/><div data-name=\"ff_cn_id_1\"  class='ff-t-container ff-column-container ff_columns_total_2'><div class='ff-t-cell ff-t-column-1' style='flex-basis: 50%;'><div class='ff-el-group'><div class=\"ff-el-input--label ff-el-is-required asterisk-right\"><label for='ff_2_input_text_1' id='label_ff_2_input_text_1' aria-label=\"\u0627\u0644\u0627\u0633\u0645 \u0648\u0627\u0644\u0643\u0646\u064a\u0629\">\u0627\u0644\u0627\u0633\u0645 \u0648\u0627\u0644\u0643\u0646\u064a\u0629<\/label><\/div><div class='ff-el-input--content'><input type=\"text\" name=\"input_text_1\" class=\"ff-el-form-control\" data-name=\"input_text_1\" id=\"ff_2_input_text_1\"  aria-invalid=\"false\" aria-required=\"true\"><\/div><\/div><\/div><div class='ff-t-cell ff-t-column-2' style='flex-basis: 50%;'><div class='ff-el-group'><div class=\"ff-el-input--label ff-el-is-required asterisk-right\"><label for='ff_2_input_text' id='label_ff_2_input_text' aria-label=\"\u0631\u0642\u0645 \u0627\u0644\u0647\u0627\u062a\u0641\">\u0631\u0642\u0645 \u0627\u0644\u0647\u0627\u062a\u0641<\/label><\/div><div class='ff-el-input--content'><input type=\"text\" name=\"input_text\" class=\"ff-el-form-control\" data-name=\"input_text\" id=\"ff_2_input_text\"  aria-invalid=\"false\" aria-required=\"true\"><\/div><\/div><\/div><\/div><div data-name=\"ff_cn_id_2\"  class='ff-t-container ff-column-container ff_columns_total_2'><div class='ff-t-cell ff-t-column-1' style='flex-basis: 50%;'><div class='ff-el-group'><div class=\"ff-el-input--label asterisk-right\"><label for='ff_2_dropdown' id='label_ff_2_dropdown' aria-label=\"\u0627\u062e\u062a\u0631 \u0637\u0628\u064a\u0628\u0643\">\u0627\u062e\u062a\u0631 \u0637\u0628\u064a\u0628\u0643<\/label><\/div><div class='ff-el-input--content'><select name=\"dropdown\" id=\"ff_2_dropdown\" class=\"ff-el-form-control\" data-name=\"dropdown\" data-calc_value=\"0\"  aria-invalid=\"false\" aria-required=\"false\" aria-labelledby=\"label_ff_2_dropdown\"><option value=\"Dt.Nabil Alabsi\"  >\u062f. \u0646\u0628\u064a\u0644 \u0627\u0644\u0639\u0628\u0633\u064a<\/option><option value=\"Dt.Rafi \u015eahan\"  >\u062f. \u0631\u0627\u0641\u064a \u0634\u0627\u0647\u0627\u0646<\/option><option value=\"Dt.Nur \"  >\u0627\u0644\u062f\u0643\u062a\u0648\u0631\u0629 \u0646\u0648\u0631<\/option><\/select><\/div><\/div><\/div><div class='ff-t-cell ff-t-column-2' style='flex-basis: 50%;'><div class='ff-el-group'><div class=\"ff-el-input--label ff-el-is-required asterisk-right\"><label for='ff_2_input_text_2' id='label_ff_2_input_text_2' aria-label=\"\u0645\u062a\u0649\u061f (\u0627\u0644\u064a\u0648\u0645\/\u0627\u0644\u0634\u0647\u0631\/\u0627\u0644\u0633\u0646\u0629)\">\u0645\u062a\u0649\u061f (\u0627\u0644\u064a\u0648\u0645\/\u0627\u0644\u0634\u0647\u0631\/\u0627\u0644\u0633\u0646\u0629)<\/label><\/div><div class='ff-el-input--content'><input type=\"text\" name=\"input_text_2\" class=\"ff-el-form-control\" data-name=\"input_text_2\" id=\"ff_2_input_text_2\"  aria-invalid=\"false\" aria-required=\"true\"><\/div><\/div><\/div><\/div><div class='ff-el-group'><div class=\"ff-el-input--label ff-el-is-required asterisk-right\"><label for='ff_2_message' id='label_ff_2_message' aria-label=\"\u0637\u0644\u0628\u0643\">\u0637\u0644\u0628\u0643 <\/label><\/div><div class='ff-el-input--content'><textarea aria-required=\"true\" aria-labelledby=\"label_ff_2_message\" name=\"message\" id=\"ff_2_message\" class=\"ff-el-form-control\" rows=\"4\" cols=\"2\" data-name=\"message\" ><\/textarea><\/div><\/div><div class='ff-el-group ff-text-left ff_submit_btn_wrapper'><button type=\"submit\" class=\"ff-btn ff-btn-submit ff-btn-md ff_btn_style wpf_has_custom_css\"  aria-label=\"\u0627\u062d\u062c\u0632 \u0645\u0648\u0639\u062f\u0643\">\u0627\u062d\u062c\u0632 \u0645\u0648\u0639\u062f\u0643<\/button><\/div><\/fieldset><input type=\"hidden\" name=\"trp-form-language\" value=\"ar\"\/><\/form><div id='fluentform_2_errors' class='ff-errors-in-stack ff_form_instance_2_1 ff-form-loading_errors ff_form_instance_2_1_errors'><\/div><\/div>            <script type=\"text\/javascript\">\n                window.fluent_form_ff_form_instance_2_1 = {\"id\":\"2\",\"ajaxUrl\":\"https:\\\/\\\/loran.net.tr\\\/wp-admin\\\/admin-ajax.php\",\"settings\":{\"layout\":{\"labelPlacement\":\"top\",\"helpMessagePlacement\":\"with_label\",\"errorMessagePlacement\":\"inline\",\"cssClassName\":\"\",\"asteriskPlacement\":\"asterisk-right\"},\"restrictions\":{\"denyEmptySubmission\":{\"enabled\":false}}},\"form_instance\":\"ff_form_instance_2_1\",\"form_id_selector\":\"fluentform_2\",\"rules\":{\"input_text_1\":{\"required\":{\"value\":true,\"message\":\"This field is required\",\"global_message\":\"This field is required\",\"global\":true}},\"input_text\":{\"required\":{\"value\":true,\"message\":\"This field is required\",\"global_message\":\"This field is required\",\"global\":true}},\"dropdown\":{\"required\":{\"value\":false,\"message\":\"This field is required\",\"global_message\":\"This field is required\",\"global\":true}},\"input_text_2\":{\"required\":{\"value\":true,\"message\":\"This field is required\",\"global_message\":\"This field is required\",\"global\":true}},\"message\":{\"required\":{\"value\":true,\"message\":\"This field is required\",\"global\":false,\"global_message\":\"This field is required\"}}},\"debounce_time\":300};\n                            <\/script>\n                        <\/div>\n\n            \t\t\t\t<\/div>\n\t\t\t\t<\/div>\n\t\t\t\t\t<\/div>\n\t\t\t\t<\/div>\n\t\t<div class=\"elementor-element elementor-element-5db5617 e-flex e-con-boxed e-con e-parent\" data-id=\"5db5617\" data-element_type=\"container\" data-e-type=\"container\">\n\t\t\t\t\t<div class=\"e-con-inner\">\n\t\t<div class=\"elementor-element elementor-element-c1009d3 e-flex e-con-boxed e-con e-child\" data-id=\"c1009d3\" data-element_type=\"container\" data-e-type=\"container\" data-settings=\"{&quot;background_background&quot;:&quot;classic&quot;}\">\n\t\t\t\t\t<div class=\"e-con-inner\">\n\t\t<div class=\"elementor-element elementor-element-2392d8b e-con-full e-flex e-con e-child\" data-id=\"2392d8b\" data-element_type=\"container\" data-e-type=\"container\">\n\t\t\t\t<div class=\"elementor-element elementor-element-f11461a elementor-widget elementor-widget-google_maps\" data-id=\"f11461a\" data-element_type=\"widget\" data-e-type=\"widget\" data-widget_type=\"google_maps.default\">\n\t\t\t\t\t\t\t<div class=\"elementor-custom-embed\">\n\t\t\t<iframe loading=\"lazy\"\n\t\t\t\t\tsrc=\"https:\/\/maps.google.com\/maps?q=%C3%96zel%20LORAN%20A%C4%9F%C4%B1z%20ve%20Di%C5%9F%20sa%C4%9Fl%C4%B1%C4%9F%C4%B1%20poliklini%C4%9Fi&#038;t=m&#038;z=16&#038;output=embed&#038;iwloc=near\"\n\t\t\t\t\ttitle=\"\u00d6zel LORAN A\u011f\u0131z ve Di\u015f sa\u011fl\u0131\u011f\u0131 poliklini\u011fi\"\n\t\t\t\t\taria-label=\"\u00d6zel LORAN A\u011f\u0131z ve Di\u015f sa\u011fl\u0131\u011f\u0131 poliklini\u011fi\"\n\t\t\t><\/iframe>\n\t\t<\/div>\n\t\t\t\t\t\t<\/div>\n\t\t\t\t<\/div>\n\t\t<div class=\"elementor-element elementor-element-823523f e-flex e-con-boxed e-con e-child\" data-id=\"823523f\" data-element_type=\"container\" data-e-type=\"container\">\n\t\t\t\t\t<div class=\"e-con-inner\">\n\t\t<div class=\"elementor-element elementor-element-d744995 e-flex e-con-boxed e-con e-child\" data-id=\"d744995\" data-element_type=\"container\" data-e-type=\"container\">\n\t\t\t\t\t<div class=\"e-con-inner\">\n\t\t\t\t<div class=\"elementor-element elementor-element-1ba26c1 elementor-view-default elementor-position-block-start elementor-mobile-position-block-start elementor-widget elementor-widget-icon-box\" data-id=\"1ba26c1\" data-element_type=\"widget\" data-e-type=\"widget\" data-widget_type=\"icon-box.default\">\n\t\t\t\t\t\t\t<div class=\"elementor-icon-box-wrapper\">\n\n\t\t\t\t\t\t<div class=\"elementor-icon-box-icon\">\n\t\t\t\t<span  class=\"elementor-icon\">\n\t\t\t\t<svg xmlns=\"http:\/\/www.w3.org\/2000\/svg\" viewbox=\"0 0 768 1024\"><path d=\"M384 192c-105.87 0-192 86.13-192 192s86.13 192 192 192 192-86.13 192-192-86.13-192-192-192zm0 320c-70.58 0-128-57.42-128-128s57.42-128 128-128 128 57.42 128 128-57.42 128-128 128zm0-512C171.922 0 0 171.922 0 384c0 154.826 53.94 198.062 344.536 619.34 19.068 27.544 59.858 27.548 78.93 0C714.06 582.062 768 538.826 768 384 768 171.922 596.078 0 384 0zm0 947.862C105.41 544.976 64 512.988 64 384c0-85.476 33.286-165.834 93.726-226.274S298.524 64 384 64s165.834 33.286 226.274 93.726S704 298.524 704 384c0 128.98-41.384 160.94-320 563.862z\"><\/path><\/svg>\t\t\t\t<\/span>\n\t\t\t<\/div>\n\t\t\t\n\t\t\t\t\t\t<div class=\"elementor-icon-box-content\">\n\n\t\t\t\t\t\t\t\t\t<h3 class=\"elementor-icon-box-title\">\n\t\t\t\t\t\t<span  >\n\t\t\t\t\t\t\t\u0639\u064a\u0627\u062f\u062a\u0646\u0627\t\t\t\t\t\t<\/span>\n\t\t\t\t\t<\/h3>\n\t\t\t\t\n\t\t\t\t\t\t\t\t\t<p class=\"elementor-icon-box-description\">\n\t\t\t\t\t\t\u063a\u0627\u0632\u064a \u0639\u0646\u062a\u0627\u0628  34, 27470\n<br> \n(\u0645\u0642\u0627\u0628\u0644 \u0628\u0631\u0627\u064a\u0645 \u0645\u0648\u0644 \u0645\u0631\u0643\u0632 \u0627\u0644\u062a\u0633\u0648\u0642)\t\t\t\t\t<\/p>\n\t\t\t\t\n\t\t\t<\/div>\n\t\t\t\n\t\t<\/div>\n\t\t\t\t\t\t<\/div>\n\t\t\t\t\t<\/div>\n\t\t\t\t<\/div>\n\t\t<div class=\"elementor-element elementor-element-da22e72 e-flex e-con-boxed e-con e-child\" data-id=\"da22e72\" data-element_type=\"container\" data-e-type=\"container\">\n\t\t\t\t\t<div class=\"e-con-inner\">\n\t\t\t\t<div class=\"elementor-element elementor-element-4c81749 elementor-view-default elementor-position-block-start elementor-mobile-position-block-start elementor-widget elementor-widget-icon-box\" data-id=\"4c81749\" data-element_type=\"widget\" data-e-type=\"widget\" data-widget_type=\"icon-box.default\">\n\t\t\t\t\t\t\t<div class=\"elementor-icon-box-wrapper\">\n\n\t\t\t\t\t\t<div class=\"elementor-icon-box-icon\">\n\t\t\t\t<a href=\"https:\/\/wa.me\/905331337340\" class=\"elementor-icon\" tabindex=\"-1\" aria-label=\"\u0627\u0631\u0633\u0644 \u0631\u0633\u0627\u0644\u0629 \" target=\"_blank\" rel=\"noopener\">\n\t\t\t\t<svg aria-hidden=\"true\" class=\"e-font-icon-svg e-fab-whatsapp\" viewbox=\"0 0 448 512\" xmlns=\"http:\/\/www.w3.org\/2000\/svg\"><path d=\"M380.9 97.1C339 55.1 283.2 32 223.9 32c-122.4 0-222 99.6-222 222 0 39.1 10.2 77.3 29.6 111L0 480l117.7-30.9c32.4 17.7 68.9 27 106.1 27h.1c122.3 0 224.1-99.6 224.1-222 0-59.3-25.2-115-67.1-157zm-157 341.6c-33.2 0-65.7-8.9-94-25.7l-6.7-4-69.8 18.3L72 359.2l-4.4-7c-18.5-29.4-28.2-63.3-28.2-98.2 0-101.7 82.8-184.5 184.6-184.5 49.3 0 95.6 19.2 130.4 54.1 34.8 34.9 56.2 81.2 56.1 130.5 0 101.8-84.9 184.6-186.6 184.6zm101.2-138.2c-5.5-2.8-32.8-16.2-37.9-18-5.1-1.9-8.8-2.8-12.5 2.8-3.7 5.6-14.3 18-17.6 21.8-3.2 3.7-6.5 4.2-12 1.4-32.6-16.3-54-29.1-75.5-66-5.7-9.8 5.7-9.1 16.3-30.3 1.8-3.7.9-6.9-.5-9.7-1.4-2.8-12.5-30.1-17.1-41.2-4.5-10.8-9.1-9.3-12.5-9.5-3.2-.2-6.9-.2-10.6-.2-3.7 0-9.7 1.4-14.8 6.9-5.1 5.6-19.4 19-19.4 46.3 0 27.3 19.9 53.7 22.6 57.4 2.8 3.7 39.1 59.7 94.8 83.8 35.2 15.2 49 16.5 66.6 13.9 10.7-1.6 32.8-13.4 37.4-26.4 4.6-13 4.6-24.1 3.2-26.4-1.3-2.5-5-3.9-10.5-6.6z\"><\/path><\/svg>\t\t\t\t<\/a>\n\t\t\t<\/div>\n\t\t\t\n\t\t\t\t\t\t<div class=\"elementor-icon-box-content\">\n\n\t\t\t\t\t\t\t\t\t<h3 class=\"elementor-icon-box-title\">\n\t\t\t\t\t\t<a href=\"https:\/\/wa.me\/905331337340\" target=\"_blank\" rel=\"noopener\">\n\t\t\t\t\t\t\t\u0627\u0631\u0633\u0644 \u0631\u0633\u0627\u0644\u0629 \t\t\t\t\t\t<\/a>\n\t\t\t\t\t<\/h3>\n\t\t\t\t\n\t\t\t\t\t\t\t\t\t<p class=\"elementor-icon-box-description\">\n\t\t\t\t\t\t(\u0644\u0644\u062a\u0631\u0643\u064a) \u0669\u0660\u0665\u0663\u0663\u0661\u0663\u0663\u0667\u0663\u0664\u0660+\n<br>\n(\u0644\u0644\u0639\u0631\u0628\u064a) \u0669\u0660\u0665\u0665\u0663\u0667\u0667\u0667\u0665\u0662\u0661\u0662+\n\t\t\t\t\t<\/p>\n\t\t\t\t\n\t\t\t<\/div>\n\t\t\t\n\t\t<\/div>\n\t\t\t\t\t\t<\/div>\n\t\t\t\t\t<\/div>\n\t\t\t\t<\/div>\n\t\t<div class=\"elementor-element elementor-element-416a8c1 e-flex e-con-boxed e-con e-child\" data-id=\"416a8c1\" data-element_type=\"container\" data-e-type=\"container\">\n\t\t\t\t\t<div class=\"e-con-inner\">\n\t\t\t\t<div class=\"elementor-element elementor-element-a92149a elementor-view-default elementor-position-block-start elementor-mobile-position-block-start elementor-widget elementor-widget-icon-box\" data-id=\"a92149a\" data-element_type=\"widget\" data-e-type=\"widget\" data-widget_type=\"icon-box.default\">\n\t\t\t\t\t\t\t<div class=\"elementor-icon-box-wrapper\">\n\n\t\t\t\t\t\t<div class=\"elementor-icon-box-icon\">\n\t\t\t\t<span  class=\"elementor-icon\">\n\t\t\t\t<svg xmlns=\"http:\/\/www.w3.org\/2000\/svg\" viewbox=\"0 0 1024 1024\"><path d=\"m70.95 45.884 188.4-43.4c43.2-10 87.2 12.4 104.6 53.2l87 203c16 37.2 5.2 81.2-26.2 106.8l-80 65.4c57.2 104.8 143.6 191.2 248.4 248.2l65.4-80c25.6-31.4 69.6-42.2 106.8-26.2l203.2 87c40.8 17.4 63 61.4 53.2 104.6l-43.4 188.4c-9.6 41.8-46.4 71-89.2 71-489.8.2-889.2-396.4-889.2-888.8 0-42.8 29.2-79.6 71-89.2zm814.4 882.2 41.8-181.4-196.4-84.2-111.4 136.2c-197.6-92.8-301.2-196-394-394l136.2-111.4-84.2-196.4-181.4 41.8c2 435.2 354.2 787.4 789.4 789.4z\"><\/path><\/svg>\t\t\t\t<\/span>\n\t\t\t<\/div>\n\t\t\t\n\t\t\t\t\t\t<div class=\"elementor-icon-box-content\">\n\n\t\t\t\t\t\t\t\t\t<h3 class=\"elementor-icon-box-title\">\n\t\t\t\t\t\t<span  >\n\t\t\t\t\t\t\t\u0627\u062a\u0635\u0644 \u0628\u0646\u0627 \u0627\u0644\u064a\u0648\u0645 (\u0645\u0646 \u0627\u0644\u0633\u0627\u0639\u0629 9:00 \u0635\u0628\u0627\u062d\u064b\u0627 \u062d\u062a\u0649 9:00 \u0645\u0633\u0627\u0621\u064b\u060c \u0645\u0627 \u0639\u062f\u0627 \u0623\u064a\u0627\u0645 \u0627\u0644\u0623\u062d\u062f)\t\t\t\t\t\t<\/span>\n\t\t\t\t\t<\/h3>\n\t\t\t\t\n\t\t\t\t\t\t\t\t\t<p class=\"elementor-icon-box-description\">\n\t\t\t\t\t\t(\u0644\u0644\u062a\u0631\u0643\u064a) \u0669\u0660\u0665\u0663\u0663\u0661\u0663\u0663\u0667\u0663\u0664\u0660+\n<br>\n(\u0644\u0644\u0639\u0631\u0628\u064a) \u0669\u0660\u0665\u0665\u0663\u0667\u0667\u0667\u0665\u0662\u0661\u0662+\n\t\t\t\t\t<\/p>\n\t\t\t\t\n\t\t\t<\/div>\n\t\t\t\n\t\t<\/div>\n\t\t\t\t\t\t<\/div>\n\t\t\t\t\t<\/div>\n\t\t\t\t<\/div>\n\t\t\t\t\t<\/div>\n\t\t\t\t<\/div>\n\t\t\t\t\t<\/div>\n\t\t\t\t<\/div>\n\t\t\t\t\t<\/div>\n\t\t\t\t<\/div>\n\t\t\t\t<\/div>","protected":false},"excerpt":{"rendered":"<p>Bizi Ziyaret Et Bize istedi\u011fin hizmeti yaz yada muayene istiyorsan mesaj k\u0131sm\u0131nda yaz sana uygun zamanda randevu bulal\u0131m Contact Form Demo (#2) \u0130sim SoyisimTelefon Numaras\u0131Doktor Se\u00e7Dt.Nabil AlabsiDt.Rafi \u015eahanDt.NurNe zaman ?(g\u00fcn\/ay\/y\u0131l)Talebiniz Randevu Al Poliklini\u011fimiz 34, 27470 Gaziantep (Prime Mall AVM Kar\u015f\u0131s\u0131) Mesaj At\u0131n +90 (533) 133 73 40(TR) +90 (553) 777 52 12(AR) Bug\u00fcn bizi aray\u0131n [&hellip;]<\/p>\n","protected":false},"author":1,"featured_media":0,"parent":0,"menu_order":0,"comment_status":"closed","ping_status":"closed","template":"","meta":{"footnotes":""},"class_list":["post-1038","page","type-page","status-publish","hentry"],"blocksy_meta":{"has_hero_section":"disabled","vertical_spacing_source":"custom","content_area_spacing":"none","styles_descriptor":{"styles":{"desktop":"","tablet":"","mobile":""},"google_fonts":[],"version":6}},"_hostinger_reach_plugin_has_subscription_block":false,"_hostinger_reach_plugin_is_elementor":false,"_links":{"self":[{"href":"https:\/\/loran.net.tr\/ar\/wp-json\/wp\/v2\/pages\/1038","targetHints":{"allow":["GET"]}}],"collection":[{"href":"https:\/\/loran.net.tr\/ar\/wp-json\/wp\/v2\/pages"}],"about":[{"href":"https:\/\/loran.net.tr\/ar\/wp-json\/wp\/v2\/types\/page"}],"author":[{"embeddable":true,"href":"https:\/\/loran.net.tr\/ar\/wp-json\/wp\/v2\/users\/1"}],"replies":[{"embeddable":true,"href":"https:\/\/loran.net.tr\/ar\/wp-json\/wp\/v2\/comments?post=1038"}],"version-history":[{"count":37,"href":"https:\/\/loran.net.tr\/ar\/wp-json\/wp\/v2\/pages\/1038\/revisions"}],"predecessor-version":[{"id":1909,"href":"https:\/\/loran.net.tr\/ar\/wp-json\/wp\/v2\/pages\/1038\/revisions\/1909"}],"wp:attachment":[{"href":"https:\/\/loran.net.tr\/ar\/wp-json\/wp\/v2\/media?parent=1038"}],"curies":[{"name":"wp","href":"https:\/\/api.w.org\/{rel}","templated":true}]}}